{"id":415,"date":"2019-11-11T08:40:33","date_gmt":"2019-11-11T08:40:33","guid":{"rendered":"https:\/\/demo.casethemes.net\/consultio-digital-marketing\/?page_id=415"},"modified":"2025-07-28T20:26:41","modified_gmt":"2025-07-28T17:26:41","slug":"technical-support","status":"publish","type":"page","link":"https:\/\/vabody.com\/es\/soporte-tecnico\/","title":{"rendered":"Asistencia t\u00e9cnica"},"content":{"rendered":"<div data-elementor-type=\"wp-page\" data-elementor-id=\"415\" class=\"elementor elementor-415\" data-elementor-post-type=\"page\">\n\t\t\t\t        <section class=\"elementor-section elementor-top-section elementor-element elementor-element-0e37629 elementor-section-full_width elementor-section-height-default elementor-section-height-default ct-header-fixed-none ct-row-max-none\" data-id=\"0e37629\" data-element_type=\"section\">\n            \n                        <div class=\"elementor-container elementor-column-gap-extended\">\n                    <div class=\"elementor-column elementor-col-100 elementor-top-column elementor-element elementor-element-c750517\" data-id=\"c750517\" data-element_type=\"column\">\n        <div class=\"elementor-widget-wrap elementor-element-populated\">\n                    \n        \t\t<div class=\"elementor-element elementor-element-bcd1e0e elementor-widget elementor-widget-image\" data-id=\"bcd1e0e\" data-element_type=\"widget\" data-widget_type=\"image.default\">\n\t\t\t\t<div class=\"elementor-widget-container\">\n\t\t\t\t\t\t\t\t\t\t\t\t\t\t\t<img fetchpriority=\"high\" decoding=\"async\" width=\"1499\" height=\"1000\" src=\"https:\/\/vabody.com\/wp-content\/uploads\/2025\/04\/dfcf13b87b715b5031f6c2a6306fec80-3.png\" class=\"attachment-full size-full wp-image-7485\" alt=\"\" srcset=\"https:\/\/vabody.com\/wp-content\/uploads\/2025\/04\/dfcf13b87b715b5031f6c2a6306fec80-3.png 1499w, https:\/\/vabody.com\/wp-content\/uploads\/2025\/04\/dfcf13b87b715b5031f6c2a6306fec80-3-300x200.png 300w, https:\/\/vabody.com\/wp-content\/uploads\/2025\/04\/dfcf13b87b715b5031f6c2a6306fec80-3-1024x683.png 1024w, https:\/\/vabody.com\/wp-content\/uploads\/2025\/04\/dfcf13b87b715b5031f6c2a6306fec80-3-768x512.png 768w, https:\/\/vabody.com\/wp-content\/uploads\/2025\/04\/dfcf13b87b715b5031f6c2a6306fec80-3-600x400.png 600w\" sizes=\"(max-width: 1499px) 100vw, 1499px\" \/>\t\t\t\t\t\t\t\t\t\t\t\t\t\t\t<\/div>\n\t\t\t\t<\/div>\n\t\t\t\t<div class=\"elementor-element elementor-element-1fae00c elementor-widget elementor-widget-heading\" data-id=\"1fae00c\" data-element_type=\"widget\" data-widget_type=\"heading.default\">\n\t\t\t\t<div class=\"elementor-widget-container\">\n\t\t\t\t\t<h2 class=\"elementor-heading-title elementor-size-default\">Asistencia t\u00e9cnica<\/h2>\t\t\t\t<\/div>\n\t\t\t\t<\/div>\n\t\t            <\/div>\n        <\/div>\n                    <\/div>\n        <\/section>\n                <section class=\"elementor-section elementor-top-section elementor-element elementor-element-934d137 elementor-section-content-middle elementor-section-boxed elementor-section-height-default elementor-section-height-default ct-header-fixed-none ct-row-max-none\" data-id=\"934d137\" data-element_type=\"section\">\n            \n                        <div class=\"elementor-container elementor-column-gap-extended\">\n                    <div class=\"elementor-column elementor-col-100 elementor-top-column elementor-element elementor-element-6272308\" data-id=\"6272308\" data-element_type=\"column\" data-settings=\"{&quot;background_background&quot;:&quot;classic&quot;}\">\n        <div class=\"elementor-widget-wrap elementor-element-populated\">\n                    \n        \t\t<div class=\"elementor-element elementor-element-10a8555 elementor-widget__width-initial elementor-widget elementor-widget-heading\" data-id=\"10a8555\" data-element_type=\"widget\" data-widget_type=\"heading.default\">\n\t\t\t\t<div class=\"elementor-widget-container\">\n\t\t\t\t\t<h2 class=\"elementor-heading-title elementor-size-default\">Asistencia t\u00e9cnica<\/h2>\t\t\t\t<\/div>\n\t\t\t\t<\/div>\n\t\t\t\t<div class=\"elementor-element elementor-element-62bb1c2 wow fadeInUp elementor-widget elementor-widget-text-editor\" data-id=\"62bb1c2\" data-element_type=\"widget\" data-widget_type=\"text-editor.default\">\n\t\t\t\t<div class=\"elementor-widget-container\">\n\t\t\t\t\t\t\t\t\t<p>En VAbody, nuestros clientes son siempre lo primero. Sabemos lo esencial que es proporcionar una asistencia r\u00e1pida y fiable exactamente cuando la necesita. Nuestro equipo de asistencia t\u00e9cnica le guiar\u00e1 paso a paso. Usted puede confiar en nosotros para proporcionar soluciones de apoyo oportunas y eficaces, para que pueda seguir disfrutando de todos los beneficios de su experiencia VAbody.<\/p>\t\t\t\t\t\t\t\t<\/div>\n\t\t\t\t<\/div>\n\t\t\t\t<div class=\"elementor-element elementor-element-4c88399 elementor-widget elementor-widget-shortcode\" data-id=\"4c88399\" data-element_type=\"widget\" data-widget_type=\"shortcode.default\">\n\t\t\t\t<div class=\"elementor-widget-container\">\n\t\t\t\t\t\t\t<div class=\"elementor-shortcode\">\n<div class=\"wpcf7 no-js\" id=\"wpcf7-f3851-o1\" lang=\"en-US\" dir=\"ltr\" data-wpcf7-id=\"3851\">\n<div class=\"screen-reader-response\"><p role=\"status\" aria-live=\"polite\" aria-atomic=\"true\"><\/p> <ul><\/ul><\/div>\n<form action=\"\/es\/wp-json\/wp\/v2\/pages\/415#wpcf7-f3851-o1\" method=\"post\" class=\"wpcf7-form init cf7mls-no-scroll cf7mls-auto-return-first-step cf7mls-no-moving-animation\" aria-label=\"Contact form\" novalidate=\"novalidate\" data-status=\"init\" data-trp-original-action=\"\/es\/wp-json\/wp\/v2\/pages\/415#wpcf7-f3851-o1\">\n<div style=\"display: none;\">\n<input type=\"hidden\" name=\"_wpcf7\" value=\"3851\" \/>\n<input type=\"hidden\" name=\"_wpcf7_version\" value=\"6.0.6\" \/>\n<input type=\"hidden\" name=\"_wpcf7_locale\" value=\"en_US\" \/>\n<input type=\"hidden\" name=\"_wpcf7_unit_tag\" value=\"wpcf7-f3851-o1\" \/>\n<input type=\"hidden\" name=\"_wpcf7_container_post\" value=\"0\" \/>\n<input type=\"hidden\" name=\"_wpcf7_posted_data_hash\" value=\"\" \/>\n<input type=\"hidden\" name=\"_wpcf7_recaptcha_response\" value=\"\" \/>\n<\/div>\n<div class=\"row\">\n\t<div class=\"input-filled col-lg-6 col-md-6\">\n\t\t<p><span class=\"wpcf7-form-control-wrap\" data-name=\"first-name\"><input size=\"40\" maxlength=\"400\" class=\"wpcf7-form-control wpcf7-text wpcf7-validates-as-required\" aria-required=\"true\" aria-invalid=\"false\" placeholder=\"Nombre y apellidos\" value=\"\" type=\"text\" name=\"first-name\" \/><\/span>\n\t\t<\/p>\n\t<\/div>\n\t<div class=\"input-filled col-lg-6 col-md-6\">\n\t\t<p><span class=\"wpcf7-form-control-wrap\" data-name=\"your-phone\"><input size=\"40\" maxlength=\"400\" class=\"wpcf7-form-control wpcf7-text wpcf7-validates-as-required\" aria-required=\"true\" aria-invalid=\"false\" placeholder=\"Tel\u00e9fono *\" value=\"\" type=\"text\" name=\"your-phone\" \/><\/span>\n\t\t<\/p>\n\t<\/div>\n<\/div>\n<div class=\"row\">\n\t<div class=\"input-filled col-lg-6 col-md-6\">\n\t\t<p><span class=\"wpcf7-form-control-wrap\" data-name=\"your-email\"><input size=\"40\" maxlength=\"400\" class=\"wpcf7-form-control wpcf7-email wpcf7-validates-as-required wpcf7-text wpcf7-validates-as-email\" aria-required=\"true\" aria-invalid=\"false\" placeholder=\"Correo electr\u00f3nico *\" value=\"\" type=\"email\" name=\"your-email\" \/><\/span>\n\t\t<\/p>\n\t<\/div>\n\t<div class=\"input-filled col-lg-6 col-md-6\">\n\t\t<p><span class=\"wpcf7-form-control-wrap\" data-name=\"address\"><input size=\"40\" maxlength=\"400\" class=\"wpcf7-form-control wpcf7-text\" aria-invalid=\"false\" placeholder=\"Direcci\u00f3n *\" value=\"\" type=\"text\" name=\"address\" \/><\/span>\n\t\t<\/p>\n\t<\/div>\n<\/div>\n<div class=\"row\">\n\t<div class=\"input-filled col-12\">\n\t\t<p><span class=\"wpcf7-form-control-wrap\" data-name=\"number-751\"><input class=\"wpcf7-form-control wpcf7-number wpcf7-validates-as-number\" aria-invalid=\"false\" placeholder=\"N\u00famero de serie del dispositivo\" value=\"\" type=\"number\" name=\"number-751\" \/><\/span>\n\t\t<\/p>\n\t<\/div>\n\t<div class=\"input-filled col-12\">\n\t\t<p><span class=\"wpcf7-form-control-wrap\" data-name=\"your-message\"><textarea cols=\"40\" rows=\"10\" maxlength=\"2000\" class=\"wpcf7-form-control wpcf7-textarea\" aria-invalid=\"false\" placeholder=\"Describa el problema\" name=\"your-message\"><\/textarea><\/span>\n\t\t<\/p>\n\t<\/div>\n\t<div class=\"vabody-upload-area col-12\">\n\t\t<div class=\"upload-inner\">\n\t\t\t<div class=\"upload-icon\">\n <!-- Upload icon SVG (beyaz yukar\u0131 ok) -->\n\t\t\t\t<p><svg xmlns=\"http:\/\/www.w3.org\/2000\/svg\" width=\"48\" height=\"48\" fill=\"#fff\" viewbox=\"0 0 24 24\">\n        <path d=\"M19 9h-4V3H9v6H5l7 7 7-7zM5 18v2h14v-2H5z\"\/>\n      <\/svg>\n\t\t\t\t<\/p>\n\t\t\t<\/div>\n\t\t\t<p class=\"upload-label\"><strong>Subir foto<\/strong> del interior y del panel frontal del dispositivo\n\t\t\t<\/p>\n\t\t\t<p class=\"upload-subtext\">\n\t\t\t<\/p>\n\t\t\t<div class=\"upload-input\">\n\t\t\t\t<p><span class=\"wpcf7-form-control-wrap\" data-name=\"mfile-524\"><input size=\"40\" class=\"wpcf7-form-control wpcf7-drag-n-drop-file d-none\" aria-invalid=\"false\" type=\"file\" multiple=\"multiple\" data-name=\"mfile-524\" data-type=\"jpg|jpeg|png|pdf\" data-limit=\"25mb\" data-id=\"3851\" data-version=\"free version 1.3.8.8\" accept=\".jpg, .jpeg, .png, .pdf\" \/><\/span>\n\t\t\t\t<\/p>\n\t\t\t<\/div>\n\t\t\t<p><span class=\"upload-note\">(M\u00e1ximo 5 archivos, l\u00edmite de tama\u00f1o total: 25 MB)<\/span>\n\t\t\t<\/p>\n\t\t<\/div>\n\t<\/div>\n<\/div>\n<div style=\"display: flex; justify-content: flex-end; margin-top:40px;\">\n\t<p><button>Enviar ahora<\/button>\n\t<\/p>\n<\/div><div class=\"wpcf7-response-output\" aria-hidden=\"true\"><\/div>\n<input type=\"hidden\" name=\"trp-form-language\" value=\"es\"\/><\/form>\n<\/div>\n<\/div>\n\t\t\t\t\t\t<\/div>\n\t\t\t\t<\/div>\n\t\t            <\/div>\n        <\/div>\n                    <\/div>\n        <\/section>\n        <div class=\"elementor-element elementor-element-890b01b e-con-full e-flex e-con e-parent\" data-id=\"890b01b\" data-element_type=\"container\">\n\t\t\t\t<div class=\"elementor-element elementor-element-784a44e elementor-widget elementor-widget-google_maps\" data-id=\"784a44e\" data-element_type=\"widget\" data-widget_type=\"google_maps.default\">\n\t\t\t\t<div class=\"elementor-widget-container\">\n\t\t\t\t\t\t\t<div class=\"elementor-custom-embed\">\n\t\t\t<iframe loading=\"lazy\"\n\t\t\t\t\tsrc=\"https:\/\/maps.google.com\/maps?q=5788%20W%20Adams%20Blvd%2C%20Los%20Angeles%2C%20CA%2090016%2C%20Amerika%20Birle%C5%9Fik%20Devletleri&#038;t=m&#038;z=10&#038;output=embed&#038;iwloc=near\"\n\t\t\t\t\ttitle=\"5788 W Adams Blvd, Los Angeles, CA 90016, Amerika Birle\u015fik Devletleri\"\n\t\t\t\t\taria-label=\"5788 W Adams Blvd, Los Angeles, CA 90016, Amerika Birle\u015fik Devletleri\"\n\t\t\t><\/iframe>\n\t\t<\/div>\n\t\t\t\t\t\t<\/div>\n\t\t\t\t<\/div>\n\t\t\t\t<\/div>\n\t\t\t\t<\/div>","protected":false},"excerpt":{"rendered":"<p>Technical Support Technical Support At VAbody, our customers always come first. We know how essential it is to provide prompt and reliable assistance exactly when you need it. Our dedicated technical support team will guide you through each step. We ensure that any issues with your devices are resolved swiftly and accurately.You can rely on [&hellip;]<\/p>","protected":false},"author":1,"featured_media":0,"parent":0,"menu_order":0,"comment_status":"closed","ping_status":"closed","template":"","meta":{"content-type":"","footnotes":""},"class_list":["post-415","page","type-page","status-publish","hentry"],"yoast_head":"<!-- This site is optimized with the Yoast SEO plugin v25.8 - https:\/\/yoast.com\/wordpress\/plugins\/seo\/ -->\n<title>Technical Support - VAbody<\/title>\n<meta name=\"robots\" content=\"index, follow, max-snippet:-1, max-image-preview:large, max-video-preview:-1\" \/>\n<link rel=\"canonical\" href=\"https:\/\/vabody.com\/es\/soporte-tecnico\/\" \/>\n<meta property=\"og:locale\" content=\"es_ES\" \/>\n<meta property=\"og:type\" content=\"article\" \/>\n<meta property=\"og:title\" content=\"Technical Support - VAbody\" \/>\n<meta property=\"og:description\" content=\"Technical Support Technical Support At VAbody, our customers always come first. We know how essential it is to provide prompt and reliable assistance exactly when you need it. Our dedicated technical support team will guide you through each step. We ensure that any issues with your devices are resolved swiftly and accurately.You can rely on [&hellip;]\" \/>\n<meta property=\"og:url\" content=\"https:\/\/vabody.com\/es\/soporte-tecnico\/\" \/>\n<meta property=\"og:site_name\" content=\"VAbody\" \/>\n<meta property=\"article:modified_time\" content=\"2025-07-28T17:26:41+00:00\" \/>\n<meta property=\"og:image\" content=\"http:\/\/vabody.com\/wp-content\/uploads\/2025\/04\/dfcf13b87b715b5031f6c2a6306fec80-3.png\" \/>\n<meta name=\"twitter:card\" content=\"summary_large_image\" \/>\n<script type=\"application\/ld+json\" class=\"yoast-schema-graph\">{\"@context\":\"https:\/\/schema.org\",\"@graph\":[{\"@type\":\"WebPage\",\"@id\":\"https:\/\/vabody.com\/technical-support\/\",\"url\":\"https:\/\/vabody.com\/technical-support\/\",\"name\":\"Technical Support - VAbody\",\"isPartOf\":{\"@id\":\"https:\/\/vabody.com\/#website\"},\"primaryImageOfPage\":{\"@id\":\"https:\/\/vabody.com\/technical-support\/#primaryimage\"},\"image\":{\"@id\":\"https:\/\/vabody.com\/technical-support\/#primaryimage\"},\"thumbnailUrl\":\"http:\/\/vabody.com\/wp-content\/uploads\/2025\/04\/dfcf13b87b715b5031f6c2a6306fec80-3.png\",\"datePublished\":\"2019-11-11T08:40:33+00:00\",\"dateModified\":\"2025-07-28T17:26:41+00:00\",\"breadcrumb\":{\"@id\":\"https:\/\/vabody.com\/technical-support\/#breadcrumb\"},\"inLanguage\":\"es\",\"potentialAction\":[{\"@type\":\"ReadAction\",\"target\":[\"https:\/\/vabody.com\/technical-support\/\"]}]},{\"@type\":\"ImageObject\",\"inLanguage\":\"es\",\"@id\":\"https:\/\/vabody.com\/technical-support\/#primaryimage\",\"url\":\"http:\/\/vabody.com\/wp-content\/uploads\/2025\/04\/dfcf13b87b715b5031f6c2a6306fec80-3.png\",\"contentUrl\":\"http:\/\/vabody.com\/wp-content\/uploads\/2025\/04\/dfcf13b87b715b5031f6c2a6306fec80-3.png\"},{\"@type\":\"BreadcrumbList\",\"@id\":\"https:\/\/vabody.com\/technical-support\/#breadcrumb\",\"itemListElement\":[{\"@type\":\"ListItem\",\"position\":1,\"name\":\"Home\",\"item\":\"https:\/\/vabody.com\/\"},{\"@type\":\"ListItem\",\"position\":2,\"name\":\"Technical Support\"}]},{\"@type\":\"WebSite\",\"@id\":\"https:\/\/vabody.com\/#website\",\"url\":\"https:\/\/vabody.com\/\",\"name\":\"VAbody\",\"description\":\"\",\"publisher\":{\"@id\":\"https:\/\/vabody.com\/#organization\"},\"potentialAction\":[{\"@type\":\"SearchAction\",\"target\":{\"@type\":\"EntryPoint\",\"urlTemplate\":\"https:\/\/vabody.com\/?s={search_term_string}\"},\"query-input\":{\"@type\":\"PropertyValueSpecification\",\"valueRequired\":true,\"valueName\":\"search_term_string\"}}],\"inLanguage\":\"es\"},{\"@type\":\"Organization\",\"@id\":\"https:\/\/vabody.com\/#organization\",\"name\":\"VAbody\",\"url\":\"https:\/\/vabody.com\/\",\"logo\":{\"@type\":\"ImageObject\",\"inLanguage\":\"es\",\"@id\":\"https:\/\/vabody.com\/#\/schema\/logo\/image\/\",\"url\":\"https:\/\/vabody.com\/wp-content\/uploads\/2025\/04\/VA-Body-Logo.png\",\"contentUrl\":\"https:\/\/vabody.com\/wp-content\/uploads\/2025\/04\/VA-Body-Logo.png\",\"width\":133,\"height\":28,\"caption\":\"VAbody\"},\"image\":{\"@id\":\"https:\/\/vabody.com\/#\/schema\/logo\/image\/\"}}]}<\/script>\n<!-- \/ Yoast SEO plugin. -->","yoast_head_json":{"title":"Technical Support - VAbody","robots":{"index":"index","follow":"follow","max-snippet":"max-snippet:-1","max-image-preview":"max-image-preview:large","max-video-preview":"max-video-preview:-1"},"canonical":"https:\/\/vabody.com\/es\/soporte-tecnico\/","og_locale":"es_ES","og_type":"article","og_title":"Technical Support - VAbody","og_description":"Technical Support Technical Support At VAbody, our customers always come first. We know how essential it is to provide prompt and reliable assistance exactly when you need it. Our dedicated technical support team will guide you through each step. We ensure that any issues with your devices are resolved swiftly and accurately.You can rely on [&hellip;]","og_url":"https:\/\/vabody.com\/es\/soporte-tecnico\/","og_site_name":"VAbody","article_modified_time":"2025-07-28T17:26:41+00:00","og_image":[{"url":"http:\/\/vabody.com\/wp-content\/uploads\/2025\/04\/dfcf13b87b715b5031f6c2a6306fec80-3.png","type":"","width":"","height":""}],"twitter_card":"summary_large_image","schema":{"@context":"https:\/\/schema.org","@graph":[{"@type":"WebPage","@id":"https:\/\/vabody.com\/technical-support\/","url":"https:\/\/vabody.com\/technical-support\/","name":"Technical Support - VAbody","isPartOf":{"@id":"https:\/\/vabody.com\/#website"},"primaryImageOfPage":{"@id":"https:\/\/vabody.com\/technical-support\/#primaryimage"},"image":{"@id":"https:\/\/vabody.com\/technical-support\/#primaryimage"},"thumbnailUrl":"http:\/\/vabody.com\/wp-content\/uploads\/2025\/04\/dfcf13b87b715b5031f6c2a6306fec80-3.png","datePublished":"2019-11-11T08:40:33+00:00","dateModified":"2025-07-28T17:26:41+00:00","breadcrumb":{"@id":"https:\/\/vabody.com\/technical-support\/#breadcrumb"},"inLanguage":"es","potentialAction":[{"@type":"ReadAction","target":["https:\/\/vabody.com\/technical-support\/"]}]},{"@type":"ImageObject","inLanguage":"es","@id":"https:\/\/vabody.com\/technical-support\/#primaryimage","url":"http:\/\/vabody.com\/wp-content\/uploads\/2025\/04\/dfcf13b87b715b5031f6c2a6306fec80-3.png","contentUrl":"http:\/\/vabody.com\/wp-content\/uploads\/2025\/04\/dfcf13b87b715b5031f6c2a6306fec80-3.png"},{"@type":"BreadcrumbList","@id":"https:\/\/vabody.com\/technical-support\/#breadcrumb","itemListElement":[{"@type":"ListItem","position":1,"name":"Home","item":"https:\/\/vabody.com\/"},{"@type":"ListItem","position":2,"name":"Technical Support"}]},{"@type":"WebSite","@id":"https:\/\/vabody.com\/#website","url":"https:\/\/vabody.com\/","name":"VAbody","description":"","publisher":{"@id":"https:\/\/vabody.com\/#organization"},"potentialAction":[{"@type":"SearchAction","target":{"@type":"EntryPoint","urlTemplate":"https:\/\/vabody.com\/?s={search_term_string}"},"query-input":{"@type":"PropertyValueSpecification","valueRequired":true,"valueName":"search_term_string"}}],"inLanguage":"es"},{"@type":"Organization","@id":"https:\/\/vabody.com\/#organization","name":"VAbody","url":"https:\/\/vabody.com\/","logo":{"@type":"ImageObject","inLanguage":"es","@id":"https:\/\/vabody.com\/#\/schema\/logo\/image\/","url":"https:\/\/vabody.com\/wp-content\/uploads\/2025\/04\/VA-Body-Logo.png","contentUrl":"https:\/\/vabody.com\/wp-content\/uploads\/2025\/04\/VA-Body-Logo.png","width":133,"height":28,"caption":"VAbody"},"image":{"@id":"https:\/\/vabody.com\/#\/schema\/logo\/image\/"}}]}},"_links":{"self":[{"href":"https:\/\/vabody.com\/es\/wp-json\/wp\/v2\/pages\/415","targetHints":{"allow":["GET"]}}],"collection":[{"href":"https:\/\/vabody.com\/es\/wp-json\/wp\/v2\/pages"}],"about":[{"href":"https:\/\/vabody.com\/es\/wp-json\/wp\/v2\/types\/page"}],"author":[{"embeddable":true,"href":"https:\/\/vabody.com\/es\/wp-json\/wp\/v2\/users\/1"}],"replies":[{"embeddable":true,"href":"https:\/\/vabody.com\/es\/wp-json\/wp\/v2\/comments?post=415"}],"version-history":[{"count":27,"href":"https:\/\/vabody.com\/es\/wp-json\/wp\/v2\/pages\/415\/revisions"}],"predecessor-version":[{"id":12876,"href":"https:\/\/vabody.com\/es\/wp-json\/wp\/v2\/pages\/415\/revisions\/12876"}],"wp:attachment":[{"href":"https:\/\/vabody.com\/es\/wp-json\/wp\/v2\/media?parent=415"}],"curies":[{"name":"wp","href":"https:\/\/api.w.org\/{rel}","templated":true}]}}